{"id":12164,"date":"2020-11-24T12:01:57","date_gmt":"2020-11-24T12:01:57","guid":{"rendered":"http:\/\/192.168.0.108\/braintech\/?page_id=12164"},"modified":"2025-11-27T18:53:49","modified_gmt":"2025-11-27T18:53:49","slug":"sobre","status":"publish","type":"page","link":"https:\/\/website.verteron.com.br\/index.php\/sobre\/","title":{"rendered":"Sobre N\u00f3s"},"content":{"rendered":"\t\t<div data-elementor-type=\"wp-page\" data-elementor-id=\"12164\" class=\"elementor elementor-12164\">\n\t\t\t\t\t\t<section class=\"elementor-section elementor-top-section elementor-element elementor-element-b3a7298 elementor-section-full_width elementor-section-stretched elementor-section-height-default elementor-section-height-default\" data-id=\"b3a7298\" data-element_type=\"section\" data-settings=\"{&quot;stretch_section&quot;:&quot;section-stretched&quot;,&quot;background_background&quot;:&quot;classic&quot;}\">\n\t\t\t\t\t\t<div class=\"elementor-container elementor-column-gap-default\">\n\t\t\t\t\t<div class=\"elementor-column elementor-col-100 elementor-top-column elementor-element elementor-element-5fcc27b\" data-id=\"5fcc27b\" data-element_type=\"column\">\n\t\t\t<div class=\"elementor-widget-wrap elementor-element-populated\">\n\t\t\t\t\t\t<section class=\"elementor-section elementor-inner-section elementor-element elementor-element-f68885f elementor-section-content-middle elementor-section-boxed elementor-section-height-default elementor-section-height-default\" data-id=\"f68885f\" data-element_type=\"section\">\n\t\t\t\t\t\t<div class=\"elementor-container elementor-column-gap-default\">\n\t\t\t\t\t<div class=\"elementor-column elementor-col-50 elementor-inner-column elementor-element elementor-element-c2c1fb8\" data-id=\"c2c1fb8\" data-element_type=\"column\">\n\t\t\t<div class=\"elementor-widget-wrap elementor-element-populated\">\n\t\t\t\t\t\t<div class=\"elementor-element elementor-element-47a4f34 elementor-widget elementor-widget-rs-image-shabe-animation-effect\" data-id=\"47a4f34\" data-element_type=\"widget\" data-widget_type=\"rs-image-shabe-animation-effect.default\">\n\t\t\t\t<div class=\"elementor-widget-container\">\n\t\t\t\t\t\n        <div class=\"rs-animation-shape-image\">\n\n                            <div class=\"pattern\">\n                    <img decoding=\"async\" class=\"scale2\" src=\"https:\/\/website.verteron.com.br\/wp-content\/uploads\/2025\/11\/EFEITO.png\" alt=\"image\"\/>\n                <\/div>\n            \n\n                            <div class=\"middle-image\">\n                    <img decoding=\"async\" src=\"https:\/\/keenitsolutions.com\/products\/wordpress\/braintech\/wp-content\/uploads\/2020\/11\/about-home.png\" alt=\"image\"\/>\n                <\/div>\n            \n\n                            <div class=\"shape\">\n                    <img decoding=\"async\" class=\"dance\" src=\"https:\/\/website.verteron.com.br\/wp-content\/uploads\/2025\/11\/pontos-1-e1764268486150.png\" alt=\"image\"\/>\n                <\/div>\n            \n\n            \n\n\n        <\/div>      \n    \t\t\t\t<\/div>\n\t\t\t\t<\/div>\n\t\t\t\t\t<\/div>\n\t\t<\/div>\n\t\t\t\t<div class=\"elementor-column elementor-col-50 elementor-inner-column elementor-element elementor-element-cc40be7\" data-id=\"cc40be7\" data-element_type=\"column\">\n\t\t\t<div class=\"elementor-widget-wrap elementor-element-populated\">\n\t\t\t\t\t\t<div class=\"elementor-element elementor-element-273e746 elementor-widget elementor-widget-rs-heading\" data-id=\"273e746\" data-element_type=\"widget\" data-widget_type=\"rs-heading.default\">\n\t\t\t\t<div class=\"elementor-widget-container\">\n\t\t\t\t\t        <div class=\"rs-heading style15  \">\r\n        \t<div class=\"title-inner\">        \t\t      \t\t\r\n\t            <span class=\"sub-text \">Sobre a Verteron<\/span><h2 class=\"title\"><span class=\"watermark\"><\/span>Capacitamos Seu Crescimento com Seguran\u00e7a e Intelig\u00eancia<\/h2>\t\t\t\t\t        <\/div>\r\n\t                    \t<div class=\"description\">\r\n            \t\t<p>Nossa expertise em Data Center e Cloud Computing \u00e9 dedicada a fornecer a infraestrutura que a sua empresa precisa para inovar e expandir.<\/p>            \t\t\r\n            \t<\/div>\r\n        \t        <\/div>\r\n\r\n        \t\t\t\t<\/div>\n\t\t\t\t<\/div>\n\t\t\t\t<div class=\"elementor-element elementor-element-5af0194 elementor-widget elementor-widget-text-editor\" data-id=\"5af0194\" data-element_type=\"widget\" data-widget_type=\"text-editor.default\">\n\t\t\t\t\t\t\t\t\t<p>A Verteron \u00e9 o seu parceiro em Data Center. Oferecemos suporte humanizado e pr\u00f3ximo, garantindo uma infraestrutura segura e est\u00e1vel. Sua empresa cresce e inova com a total tranquilidade de que n\u00e3o haver\u00e1 interrup\u00e7\u00f5es.<\/p>\t\t\t\t\t\t\t\t<\/div>\n\t\t\t\t\t<\/div>\n\t\t<\/div>\n\t\t\t\t\t<\/div>\n\t\t<\/section>\n\t\t\t\t\t<\/div>\n\t\t<\/div>\n\t\t\t\t\t<\/div>\n\t\t<\/section>\n\t\t\t\t<section class=\"elementor-section elementor-top-section elementor-element elementor-element-49c1874 elementor-section-boxed elementor-section-height-default elementor-section-height-default\" data-id=\"49c1874\" data-element_type=\"section\">\n\t\t\t\t\t\t<div class=\"elementor-container elementor-column-gap-default\">\n\t\t\t\t\t<div class=\"elementor-column elementor-col-100 elementor-top-column elementor-element elementor-element-f14fad5\" data-id=\"f14fad5\" data-element_type=\"column\">\n\t\t\t<div class=\"elementor-widget-wrap elementor-element-populated\">\n\t\t\t\t\t\t<section class=\"elementor-section elementor-inner-section elementor-element elementor-element-63f2006 elementor-section-full_width elementor-section-height-default elementor-section-height-default\" data-id=\"63f2006\" data-element_type=\"section\">\n\t\t\t\t\t\t<div class=\"elementor-container elementor-column-gap-default\">\n\t\t\t\t\t<div class=\"elementor-column elementor-col-100 elementor-inner-column elementor-element elementor-element-3a03d47\" data-id=\"3a03d47\" data-element_type=\"column\">\n\t\t\t<div class=\"elementor-widget-wrap elementor-element-populated\">\n\t\t\t\t\t\t<div class=\"elementor-element elementor-element-203a5c9 elementor-widget elementor-widget-rs-heading\" data-id=\"203a5c9\" data-element_type=\"widget\" data-widget_type=\"rs-heading.default\">\n\t\t\t\t<div class=\"elementor-widget-container\">\n\t\t\t\t\t        <div class=\"rs-heading style15 center \">\r\n        \t<div class=\"title-inner\">        \t\t      \t\t\r\n\t            <span class=\"sub-text \">Processo<\/span><h2 class=\"title\"><span class=\"watermark\"><\/span>Nosso processo de trabalho<\/h2>\t\t\t\t\t        <\/div>\r\n\t                <\/div>\r\n\r\n        \t\t\t\t<\/div>\n\t\t\t\t<\/div>\n\t\t\t\t\t<\/div>\n\t\t<\/div>\n\t\t\t\t\t<\/div>\n\t\t<\/section>\n\t\t\t\t\t<\/div>\n\t\t<\/div>\n\t\t\t\t\t<\/div>\n\t\t<\/section>\n\t\t\t\t<section class=\"elementor-section elementor-top-section elementor-element elementor-element-d3bcdb0 elementor-section-full_width elementor-section-stretched elementor-section-height-default elementor-section-height-default\" data-id=\"d3bcdb0\" data-element_type=\"section\" data-settings=\"{&quot;stretch_section&quot;:&quot;section-stretched&quot;,&quot;background_background&quot;:&quot;classic&quot;}\">\n\t\t\t\t\t\t<div class=\"elementor-container elementor-column-gap-default\">\n\t\t\t\t\t<div class=\"elementor-column elementor-col-100 elementor-top-column elementor-element elementor-element-0246bd1\" data-id=\"0246bd1\" data-element_type=\"column\">\n\t\t\t<div class=\"elementor-widget-wrap elementor-element-populated\">\n\t\t\t\t\t\t<section class=\"elementor-section elementor-inner-section elementor-element elementor-element-b88ea6d elementor-section-boxed elementor-section-height-default elementor-section-height-default\" data-id=\"b88ea6d\" data-element_type=\"section\">\n\t\t\t\t\t\t<div class=\"elementor-container elementor-column-gap-default\">\n\t\t\t\t\t<div class=\"elementor-column elementor-col-25 elementor-inner-column elementor-element elementor-element-cbaf86e\" data-id=\"cbaf86e\" data-element_type=\"column\">\n\t\t\t<div class=\"elementor-widget-wrap elementor-element-populated\">\n\t\t\t\t\t\t<div class=\"elementor-element elementor-element-b4faa58 elementor-widget elementor-widget-rs-service-grid\" data-id=\"b4faa58\" data-element_type=\"widget\" data-widget_type=\"rs-service-grid.default\">\n\t\t\t\t<div class=\"elementor-widget-container\">\n\t\t\t\t\t\t\t\r\n\t\t<div class=\" rs-addon-services services-style5 service_shape_ box_shadow_serial_disable\">\r\n\t\t    <div class=\"services-part image-align-\">\r\n\t\t    \t\t\t\t    \t\t    \t\t\r\n\t\t    \t\r\n\t\t    \t\t\t\r\n\t\t    \t\t\t\t\t\t    \t\t\t<div class=\"services-icon  image \">\r\n\r\n\t\t\t\t\t    \t\t\r\n\t\t\t\t\t    \t\t\r\n\t\t\t\t\t    \t\t\t\t\t\t\t    \t\t\t<img decoding=\"async\" class=\"main-img\" src=\"https:\/\/website.verteron.com.br\/wp-content\/uploads\/2025\/11\/ATENDIMENTO-E-PROXIMIDADE.jpg.png\" alt=\"image\"\/>\r\n\t\t\t\t\t    \t\t\t\r\n\t\t\t\t\t    \t\t\t\t\t\t\t    \t\t\r\n\t\t\t\t    \t\t<\/div>\r\n\t\t\t    \t\t\r\n\r\n\t\t    \t\t\t    \t\t       \r\n\t\t\t    <div class=\"services-text\">\r\n\r\n\t\t\t    \t\t\t\t\t    \t\t\t\t    \t\r\n\t\t\t    \t\t\t    \t    \t\t\t    \t\t    \t<div class=\"services-title\">\t\t\t\t    \t\t\r\n\t\t    \t\t    \t\t\t\t    \t\t    \t\t\t<h3 class=\"title\"> Entendimento e Proximidade<\/h3>\r\n\t\t    \t\t    \t\t\t\t\t\t    \t\t\r\n\t\t    \t\t    \t<\/div>\r\n\t\t    \t    \t\t\t\t\t    \r\n\t\t\t    \t\t\r\n\r\n\r\n\r\n\t\t\t    \t\t\t\t    \t\t\r\n\t    \t    \t\t    \t    \t\r\n\r\n\r\n\r\n\t\t\t    <\/div>\r\n\t\t\t<\/div>\r\n\t\t<\/div>\t\r\n\t\t\r\n\t\t\t\t\t<\/div>\n\t\t\t\t<\/div>\n\t\t\t\t\t<\/div>\n\t\t<\/div>\n\t\t\t\t<div class=\"elementor-column elementor-col-25 elementor-inner-column elementor-element elementor-element-34778e9\" data-id=\"34778e9\" data-element_type=\"column\">\n\t\t\t<div class=\"elementor-widget-wrap elementor-element-populated\">\n\t\t\t\t\t\t<div class=\"elementor-element elementor-element-bb3b207 elementor-widget elementor-widget-rs-service-grid\" data-id=\"bb3b207\" data-element_type=\"widget\" data-widget_type=\"rs-service-grid.default\">\n\t\t\t\t<div class=\"elementor-widget-container\">\n\t\t\t\t\t\t\t\r\n\t\t<div class=\" rs-addon-services services-style5 service_shape_ box_shadow_serial_disable\">\r\n\t\t    <div class=\"services-part image-align-\">\r\n\t\t    \t\t\t\t    \t\t    \t\t\r\n\t\t    \t\r\n\t\t    \t\t\t\r\n\t\t    \t\t\t\t\t\t    \t\t\t<div class=\"services-icon  image \">\r\n\r\n\t\t\t\t\t    \t\t\r\n\t\t\t\t\t    \t\t\r\n\t\t\t\t\t    \t\t\t\t\t\t\t    \t\t\t<img decoding=\"async\" class=\"main-img\" src=\"https:\/\/website.verteron.com.br\/wp-content\/uploads\/2025\/11\/INTELIGENCIA-E-PLANEJAMENTO.jpg.png\" alt=\"image\"\/>\r\n\t\t\t\t\t    \t\t\t\r\n\t\t\t\t\t    \t\t\t\t\t\t\t    \t\t\r\n\t\t\t\t    \t\t<\/div>\r\n\t\t\t    \t\t\r\n\r\n\t\t    \t\t\t    \t\t       \r\n\t\t\t    <div class=\"services-text\">\r\n\r\n\t\t\t    \t\t\t\t\t    \t\t\t\t    \t\r\n\t\t\t    \t\t\t    \t    \t\t\t    \t\t    \t<div class=\"services-title\">\t\t\t\t    \t\t\r\n\t\t    \t\t    \t\t\t\t    \t\t    \t\t\t<h3 class=\"title\"> Intelig\u00eancia e Planejamento<\/h3>\r\n\t\t    \t\t    \t\t\t\t\t\t    \t\t\r\n\t\t    \t\t    \t<\/div>\r\n\t\t    \t    \t\t\t\t\t    \r\n\t\t\t    \t\t\r\n\r\n\r\n\r\n\t\t\t    \t\t\t\t    \t\t\r\n\t    \t    \t\t    \t    \t\r\n\r\n\r\n\r\n\t\t\t    <\/div>\r\n\t\t\t<\/div>\r\n\t\t<\/div>\t\r\n\t\t\r\n\t\t\t\t\t<\/div>\n\t\t\t\t<\/div>\n\t\t\t\t\t<\/div>\n\t\t<\/div>\n\t\t\t\t<div class=\"elementor-column elementor-col-25 elementor-inner-column elementor-element elementor-element-a257ce5\" data-id=\"a257ce5\" data-element_type=\"column\">\n\t\t\t<div class=\"elementor-widget-wrap elementor-element-populated\">\n\t\t\t\t\t\t<div class=\"elementor-element elementor-element-d9975b8 elementor-widget elementor-widget-rs-service-grid\" data-id=\"d9975b8\" data-element_type=\"widget\" data-widget_type=\"rs-service-grid.default\">\n\t\t\t\t<div class=\"elementor-widget-container\">\n\t\t\t\t\t\t\t\r\n\t\t<div class=\" rs-addon-services services-style5 service_shape_ box_shadow_serial_disable\">\r\n\t\t    <div class=\"services-part image-align-\">\r\n\t\t    \t\t\t\t    \t\t    \t\t\r\n\t\t    \t\r\n\t\t    \t\t\t\r\n\t\t    \t\t\t\t\t\t    \t\t\t<div class=\"services-icon  image \">\r\n\r\n\t\t\t\t\t    \t\t\r\n\t\t\t\t\t    \t\t\r\n\t\t\t\t\t    \t\t\t\t\t\t\t    \t\t\t<img decoding=\"async\" class=\"main-img\" src=\"https:\/\/website.verteron.com.br\/wp-content\/uploads\/2025\/11\/IMPLEMENTACAO-E-SEGURANCA.jpg.png\" alt=\"image\"\/>\r\n\t\t\t\t\t    \t\t\t\r\n\t\t\t\t\t    \t\t\t\t\t\t\t    \t\t\r\n\t\t\t\t    \t\t<\/div>\r\n\t\t\t    \t\t\r\n\r\n\t\t    \t\t\t    \t\t       \r\n\t\t\t    <div class=\"services-text\">\r\n\r\n\t\t\t    \t\t\t\t\t    \t\t\t\t    \t\r\n\t\t\t    \t\t\t    \t    \t\t\t    \t\t    \t<div class=\"services-title\">\t\t\t\t    \t\t\r\n\t\t    \t\t    \t\t\t\t    \t\t    \t\t\t<h3 class=\"title\"> Implementa\u00e7\u00e3o com Seguran\u00e7a<\/h3>\r\n\t\t    \t\t    \t\t\t\t\t\t    \t\t\r\n\t\t    \t\t    \t<\/div>\r\n\t\t    \t    \t\t\t\t\t    \r\n\t\t\t    \t\t\r\n\r\n\r\n\r\n\t\t\t    \t\t\t\t    \t\t\r\n\t    \t    \t\t    \t    \t\r\n\r\n\r\n\r\n\t\t\t    <\/div>\r\n\t\t\t<\/div>\r\n\t\t<\/div>\t\r\n\t\t\r\n\t\t\t\t\t<\/div>\n\t\t\t\t<\/div>\n\t\t\t\t\t<\/div>\n\t\t<\/div>\n\t\t\t\t<div class=\"elementor-column elementor-col-25 elementor-inner-column elementor-element elementor-element-7bcc5e0\" data-id=\"7bcc5e0\" data-element_type=\"column\">\n\t\t\t<div class=\"elementor-widget-wrap elementor-element-populated\">\n\t\t\t\t\t\t<div class=\"elementor-element elementor-element-d22b3ce elementor-widget elementor-widget-rs-service-grid\" data-id=\"d22b3ce\" data-element_type=\"widget\" data-widget_type=\"rs-service-grid.default\">\n\t\t\t\t<div class=\"elementor-widget-container\">\n\t\t\t\t\t\t\t\r\n\t\t<div class=\" rs-addon-services services-style5 service_shape_ box_shadow_serial_disable\">\r\n\t\t    <div class=\"services-part image-align-\">\r\n\t\t    \t\t\t\t    \t\t    \t\t\r\n\t\t    \t\r\n\t\t    \t\t\t\r\n\t\t    \t\t\t\t\t\t    \t\t\t<div class=\"services-icon  image \">\r\n\r\n\t\t\t\t\t    \t\t\r\n\t\t\t\t\t    \t\t\r\n\t\t\t\t\t    \t\t\t\t\t\t\t    \t\t\t<img decoding=\"async\" class=\"main-img\" src=\"https:\/\/website.verteron.com.br\/wp-content\/uploads\/2025\/11\/SUPORTE-E-CRESCIMENTO.png\" alt=\"image\"\/>\r\n\t\t\t\t\t    \t\t\t\r\n\t\t\t\t\t    \t\t\t\t\t\t\t    \t\t\r\n\t\t\t\t    \t\t<\/div>\r\n\t\t\t    \t\t\r\n\r\n\t\t    \t\t\t    \t\t       \r\n\t\t\t    <div class=\"services-text\">\r\n\r\n\t\t\t    \t\t\t\t\t    \t\t\t\t    \t\r\n\t\t\t    \t\t\t    \t    \t\t\t    \t\t    \t<div class=\"services-title\">\t\t\t\t    \t\t\r\n\t\t    \t\t    \t\t\t\t    \t\t    \t\t\t<h3 class=\"title\"> Suporte e Crescimento Cont\u00ednuo<\/h3>\r\n\t\t    \t\t    \t\t\t\t\t\t    \t\t\r\n\t\t    \t\t    \t<\/div>\r\n\t\t    \t    \t\t\t\t\t    \r\n\t\t\t    \t\t\r\n\r\n\r\n\r\n\t\t\t    \t\t\t\t    \t\t\r\n\t    \t    \t\t    \t    \t\r\n\r\n\r\n\r\n\t\t\t    <\/div>\r\n\t\t\t<\/div>\r\n\t\t<\/div>\t\r\n\t\t\r\n\t\t\t\t\t<\/div>\n\t\t\t\t<\/div>\n\t\t\t\t\t<\/div>\n\t\t<\/div>\n\t\t\t\t\t<\/div>\n\t\t<\/section>\n\t\t\t\t\t<\/div>\n\t\t<\/div>\n\t\t\t\t\t<\/div>\n\t\t<\/section>\n\t\t\t\t<section class=\"elementor-section elementor-top-section elementor-element elementor-element-2b578e3 elementor-section-stretched elementor-section-boxed elementor-section-height-default elementor-section-height-default\" data-id=\"2b578e3\" data-element_type=\"section\" data-settings=\"{&quot;stretch_section&quot;:&quot;section-stretched&quot;,&quot;background_background&quot;:&quot;classic&quot;}\">\n\t\t\t\t\t\t<div class=\"elementor-container elementor-column-gap-default\">\n\t\t\t\t\t<div class=\"elementor-column elementor-col-100 elementor-top-column elementor-element elementor-element-03fb2e1\" data-id=\"03fb2e1\" data-element_type=\"column\">\n\t\t\t<div class=\"elementor-widget-wrap elementor-element-populated\">\n\t\t\t\t\t\t<section class=\"elementor-section elementor-inner-section elementor-element elementor-element-bb5b5a9 elementor-section-boxed elementor-section-height-default elementor-section-height-default\" data-id=\"bb5b5a9\" data-element_type=\"section\">\n\t\t\t\t\t\t<div class=\"elementor-container elementor-column-gap-default\">\n\t\t\t\t\t<div class=\"elementor-column elementor-col-100 elementor-inner-column elementor-element elementor-element-030e0b5\" data-id=\"030e0b5\" data-element_type=\"column\">\n\t\t\t<div class=\"elementor-widget-wrap elementor-element-populated\">\n\t\t\t\t\t\t<div class=\"elementor-element elementor-element-a5858fd elementor-widget elementor-widget-rs-heading\" data-id=\"a5858fd\" data-element_type=\"widget\" data-widget_type=\"rs-heading.default\">\n\t\t\t\t<div class=\"elementor-widget-container\">\n\t\t\t\t\t        <div class=\"rs-heading style15 center \">\r\n        \t<div class=\"title-inner\">        \t\t      \t\t\r\n\t            <span class=\"sub-text \">Contato<\/span><h2 class=\"title\"><span class=\"watermark\"><\/span>Fale com Nossos Especialistas em Data Center e Cloud<\/h2>\t\t\t\t\t        <\/div>\r\n\t                <\/div>\r\n\r\n        \t\t\t\t<\/div>\n\t\t\t\t<\/div>\n\t\t\t\t\t<\/div>\n\t\t<\/div>\n\t\t\t\t\t<\/div>\n\t\t<\/section>\n\t\t\t\t\t<\/div>\n\t\t<\/div>\n\t\t\t\t\t<\/div>\n\t\t<\/section>\n\t\t\t\t<section class=\"elementor-section elementor-top-section elementor-element elementor-element-add0d98 elementor-section-full_width elementor-section-height-default elementor-section-height-default\" data-id=\"add0d98\" data-element_type=\"section\" data-settings=\"{&quot;background_background&quot;:&quot;gradient&quot;,&quot;shape_divider_bottom&quot;:&quot;tilt&quot;}\">\n\t\t\t\t\t<div class=\"elementor-shape elementor-shape-bottom\" aria-hidden=\"true\" data-negative=\"false\">\n\t\t\t<svg xmlns=\"http:\/\/www.w3.org\/2000\/svg\" viewBox=\"0 0 1000 100\" preserveAspectRatio=\"none\">\n\t<path class=\"elementor-shape-fill\" d=\"M0,6V0h1000v100L0,6z\"\/>\n<\/svg>\t\t<\/div>\n\t\t\t\t\t<div class=\"elementor-container elementor-column-gap-default\">\n\t\t\t\t\t<div class=\"elementor-column elementor-col-50 elementor-top-column elementor-element elementor-element-a16aa1c\" data-id=\"a16aa1c\" data-element_type=\"column\" data-settings=\"{&quot;background_background&quot;:&quot;classic&quot;}\">\n\t\t\t<div class=\"elementor-widget-wrap\">\n\t\t\t\t\t\t\t<\/div>\n\t\t<\/div>\n\t\t\t\t<div class=\"elementor-column elementor-col-50 elementor-top-column elementor-element elementor-element-b24cf7f\" data-id=\"b24cf7f\" data-element_type=\"column\">\n\t\t\t<div class=\"elementor-widget-wrap elementor-element-populated\">\n\t\t\t\t\t\t<div class=\"elementor-element elementor-element-6ff5adb elementor-widget elementor-widget-rs-cf7\" data-id=\"6ff5adb\" data-element_type=\"widget\" data-widget_type=\"rs-cf7.default\">\n\t\t\t\t<div class=\"elementor-widget-container\">\n\t\t\t\t\t\n<div class=\"wpcf7 no-js\" id=\"wpcf7-f13884-o1\" lang=\"en-US\" dir=\"ltr\" data-wpcf7-id=\"13884\">\n<div class=\"screen-reader-response\"><p role=\"status\" aria-live=\"polite\" aria-atomic=\"true\"><\/p> <ul><\/ul><\/div>\n<form action=\"\/index.php\/wp-json\/wp\/v2\/pages\/12164#wpcf7-f13884-o1\" method=\"post\" class=\"wpcf7-form init\" aria-label=\"Contact form\" novalidate=\"novalidate\" data-status=\"init\">\n<fieldset class=\"hidden-fields-container\"><input type=\"hidden\" name=\"_wpcf7\" value=\"13884\" \/><input type=\"hidden\" name=\"_wpcf7_version\" value=\"6.1.2\" \/><input type=\"hidden\" name=\"_wpcf7_locale\" value=\"en_US\" \/><input type=\"hidden\" name=\"_wpcf7_unit_tag\" value=\"wpcf7-f13884-o1\" \/><input type=\"hidden\" name=\"_wpcf7_container_post\" value=\"0\" \/><input type=\"hidden\" name=\"_wpcf7_posted_data_hash\" value=\"\" \/>\n<\/fieldset>\n<div class=\"row\">\n<div class=\"col-sm-12\"><span class=\"wpcf7-form-control-wrap\" data-name=\"your-name\"><input size=\"40\" maxlength=\"400\" class=\"wpcf7-form-control wpcf7-text wpcf7-validates-as-required\" aria-required=\"true\" aria-invalid=\"false\" placeholder=\"Nome\" value=\"\" type=\"text\" name=\"your-name\" \/><\/span><\/div> \n<div class=\"col-sm-12\"><span class=\"wpcf7-form-control-wrap\" data-name=\"your-email\"><input size=\"40\" maxlength=\"400\" class=\"wpcf7-form-control wpcf7-email wpcf7-validates-as-required wpcf7-text wpcf7-validates-as-email\" aria-required=\"true\" aria-invalid=\"false\" placeholder=\"E-Mail\" value=\"\" type=\"email\" name=\"your-email\" \/><\/span><\/div>\n<div class=\"col-sm-12\"><span class=\"wpcf7-form-control-wrap\" data-name=\"your-phone\"><input size=\"40\" maxlength=\"400\" class=\"wpcf7-form-control wpcf7-text wpcf7-validates-as-required\" aria-required=\"true\" aria-invalid=\"false\" placeholder=\"Telefone\" value=\"\" type=\"text\" name=\"your-phone\" \/><\/span><\/div>\n<div class=\"col-sm-12\"><span class=\"wpcf7-form-control-wrap\" data-name=\"your-message\"><textarea cols=\"40\" rows=\"10\" maxlength=\"2000\" class=\"wpcf7-form-control wpcf7-textarea\" aria-invalid=\"false\" placeholder=\"Sua mensagem Aqui\" name=\"your-message\"><\/textarea><\/span><\/div>\n<div class=\"form-button col-sm-12\">\n  <p class=\"submit-btn\"><input class=\"wpcf7-form-control wpcf7-submit has-spinner\" type=\"submit\" value=\"Enviar Agora\" \/><\/p>\n<\/div>\n<\/div><div class=\"wpcf7-response-output\" aria-hidden=\"true\"><\/div>\n<\/form>\n<\/div>\n\t\t\t\t<\/div>\n\t\t\t\t<\/div>\n\t\t\t\t\t<\/div>\n\t\t<\/div>\n\t\t\t\t\t<\/div>\n\t\t<\/section>\n\t\t\t\t<\/div>\n\t\t","protected":false},"excerpt":{"rendered":"<p>Sobre a Verteron Capacitamos Seu Crescimento com Seguran\u00e7a e Intelig\u00eancia Nossa expertise em Data Center e Cloud Computing \u00e9 dedicada a fornecer a infraestrutura que a sua empresa precisa para inovar e expandir. A Verteron \u00e9 o seu parceiro em Data Center. Oferecemos suporte humanizado e pr\u00f3ximo, garantindo uma infraestrutura segura e est\u00e1vel. Sua empresa&#8230;<\/p>\n","protected":false},"author":1,"featured_media":0,"parent":0,"menu_order":0,"comment_status":"closed","ping_status":"closed","template":"","meta":{"footnotes":""},"class_list":["post-12164","page","type-page","status-publish","hentry"],"_links":{"self":[{"href":"https:\/\/website.verteron.com.br\/index.php\/wp-json\/wp\/v2\/pages\/12164","targetHints":{"allow":["GET"]}}],"collection":[{"href":"https:\/\/website.verteron.com.br\/index.php\/wp-json\/wp\/v2\/pages"}],"about":[{"href":"https:\/\/website.verteron.com.br\/index.php\/wp-json\/wp\/v2\/types\/page"}],"author":[{"embeddable":true,"href":"https:\/\/website.verteron.com.br\/index.php\/wp-json\/wp\/v2\/users\/1"}],"replies":[{"embeddable":true,"href":"https:\/\/website.verteron.com.br\/index.php\/wp-json\/wp\/v2\/comments?post=12164"}],"version-history":[{"count":20,"href":"https:\/\/website.verteron.com.br\/index.php\/wp-json\/wp\/v2\/pages\/12164\/revisions"}],"predecessor-version":[{"id":23219,"href":"https:\/\/website.verteron.com.br\/index.php\/wp-json\/wp\/v2\/pages\/12164\/revisions\/23219"}],"wp:attachment":[{"href":"https:\/\/website.verteron.com.br\/index.php\/wp-json\/wp\/v2\/media?parent=12164"}],"curies":[{"name":"wp","href":"https:\/\/api.w.org\/{rel}","templated":true}]}}